{"id":13,"date":"2020-01-15T10:14:13","date_gmt":"2020-01-15T10:14:13","guid":{"rendered":"http:\/\/quimfer.pt\/pt\/?page_id=13"},"modified":"2025-06-05T16:40:09","modified_gmt":"2025-06-05T15:40:09","slug":"sobre-nos-quimfer","status":"publish","type":"page","link":"https:\/\/quimfer.pt\/pt\/sobre-nos-quimfer\/","title":{"rendered":"SOBRE N\u00d3S"},"content":{"rendered":"\t\t<div data-elementor-type=\"wp-page\" data-elementor-id=\"13\" class=\"elementor elementor-13\">\n\t\t\t\t\t\t<section class=\"elementor-section elementor-top-section elementor-element elementor-element-3f6dae1 elementor-section-full_width elementor-section-height-full elementor-section-stretched elementor-section-height-default elementor-section-items-middle\" data-id=\"3f6dae1\" data-element_type=\"section\" data-settings=\"{&quot;stretch_section&quot;:&quot;section-stretched&quot;,&quot;background_background&quot;:&quot;classic&quot;}\">\n\t\t\t\t\t\t\t<div class=\"elementor-background-overlay\"><\/div>\n\t\t\t\t\t\t\t<div class=\"elementor-container elementor-column-gap-default\">\n\t\t\t\t\t<div class=\"elementor-column elementor-col-100 elementor-top-column elementor-element elementor-element-5305fc8\" data-id=\"5305fc8\" data-element_type=\"column\">\n\t\t\t<div class=\"elementor-widget-wrap elementor-element-populated\">\n\t\t\t\t\t\t<div class=\"elementor-element elementor-element-ed5aebf elementor-widget elementor-widget-text-editor\" data-id=\"ed5aebf\" data-element_type=\"widget\" data-widget_type=\"text-editor.default\">\n\t\t\t\t<div class=\"elementor-widget-container\">\n\t\t\t\t\t\t\t\t\t<div id=\"caixa\" class=\"animated fadeInRightBig\" style=\"background: white;\"><div id=\"title\"><div class=\"animated fadeInRightBig\"><div id=\"title\" style=\"font-size: 64px; color: #272727; font-family: 'Playfair Display',serif;\"><strong>Sobre N\u00f3s<br \/><\/strong><\/div><div class=\"animated fadeInRightBig\"><div id=\"text\" style=\"font-size: 14px; font-family: sans-serif; color: #272727;\"><p>A Quimfer, marca registada de Maria Augusta Fontes S\u00e1 &amp; C\u00aa., Lda., surge como resultado de um percurso de 39 anos de constante forma\u00e7\u00e3o e cont\u00ednua especializa\u00e7\u00e3o em roupa de dormir para Senhora, Homem e Crian\u00e7a.<\/p><p>O sucesso cont\u00ednuo da Quimfer tornou-se poss\u00edvel gra\u00e7as \u00e0 colabora\u00e7\u00e3o das partes interessadas e constru\u00edda \u00e0 base de confian\u00e7a e responsabilidade m\u00fatuas.<\/p><p>Inovar e acompanhar as \u00faltimas tend\u00eancias, cumprindo as melhores tradi\u00e7\u00f5es da ind\u00fastria t\u00eaxtil, \u00e9 o lema da Quimfer.<\/p><\/div><\/div><\/div><\/div><\/div>\t\t\t\t\t\t\t\t<\/div>\n\t\t\t\t<\/div>\n\t\t\t\t\t<\/div>\n\t\t<\/div>\n\t\t\t\t\t<\/div>\n\t\t<\/section>\n\t\t\t\t<\/div>\n\t\t","protected":false},"excerpt":{"rendered":"<p>Sobre N\u00f3s A Quimfer, marca registada de Maria Augusta Fontes S\u00e1 &amp; C\u00aa., Lda., surge como resultado de um percurso de 39 anos de constante forma\u00e7\u00e3o e cont\u00ednua especializa\u00e7\u00e3o em roupa de dormir para Senhora, Homem e Crian\u00e7a. O sucesso cont\u00ednuo da Quimfer tornou-se poss\u00edvel gra\u00e7as \u00e0 colabora\u00e7\u00e3o das partes interessadas e constru\u00edda \u00e0 base [&hellip;]<\/p>\n","protected":false},"author":1,"featured_media":0,"parent":0,"menu_order":0,"comment_status":"closed","ping_status":"closed","template":"","meta":{"ocean_post_layout":"","ocean_both_sidebars_style":"","ocean_both_sidebars_content_width":0,"ocean_both_sidebars_sidebars_width":0,"ocean_sidebar":"","ocean_second_sidebar":"","ocean_disable_margins":"enable","ocean_add_body_class":"","ocean_shortcode_before_top_bar":"","ocean_shortcode_after_top_bar":"","ocean_shortcode_before_header":"","ocean_shortcode_after_header":"","ocean_has_shortcode":"","ocean_shortcode_after_title":"","ocean_shortcode_before_footer_widgets":"","ocean_shortcode_after_footer_widgets":"","ocean_shortcode_before_footer_bottom":"","ocean_shortcode_after_footer_bottom":"","ocean_display_top_bar":"default","ocean_display_header":"default","ocean_header_style":"","ocean_center_header_left_menu":"","ocean_custom_header_template":"","ocean_custom_logo":0,"ocean_custom_retina_logo":0,"ocean_custom_logo_max_width":0,"ocean_custom_logo_tablet_max_width":0,"ocean_custom_logo_mobile_max_width":0,"ocean_custom_logo_max_height":0,"ocean_custom_logo_tablet_max_height":0,"ocean_custom_logo_mobile_max_height":0,"ocean_header_custom_menu":"","ocean_menu_typo_font_family":"","ocean_menu_typo_font_subset":"","ocean_menu_typo_font_size":0,"ocean_menu_typo_font_size_tablet":0,"ocean_menu_typo_font_size_mobile":0,"ocean_menu_typo_font_size_unit":"px","ocean_menu_typo_font_weight":"","ocean_menu_typo_font_weight_tablet":"","ocean_menu_typo_font_weight_mobile":"","ocean_menu_typo_transform":"","ocean_menu_typo_transform_tablet":"","ocean_menu_typo_transform_mobile":"","ocean_menu_typo_line_height":0,"ocean_menu_typo_line_height_tablet":0,"ocean_menu_typo_line_height_mobile":0,"ocean_menu_typo_line_height_unit":"","ocean_menu_typo_spacing":0,"ocean_menu_typo_spacing_tablet":0,"ocean_menu_typo_spacing_mobile":0,"ocean_menu_typo_spacing_unit":"","ocean_menu_link_color":"","ocean_menu_link_color_hover":"","ocean_menu_link_color_active":"","ocean_menu_link_background":"","ocean_menu_link_hover_background":"","ocean_menu_link_active_background":"","ocean_menu_social_links_bg":"","ocean_menu_social_hover_links_bg":"","ocean_menu_social_links_color":"","ocean_menu_social_hover_links_color":"","ocean_disable_title":"default","ocean_disable_heading":"default","ocean_post_title":"","ocean_post_subheading":"","ocean_post_title_style":"","ocean_post_title_background_color":"","ocean_post_title_background":0,"ocean_post_title_bg_image_position":"","ocean_post_title_bg_image_attachment":"","ocean_post_title_bg_image_repeat":"","ocean_post_title_bg_image_size":"","ocean_post_title_height":0,"ocean_post_title_bg_overlay":0.5,"ocean_post_title_bg_overlay_color":"","ocean_disable_breadcrumbs":"default","ocean_breadcrumbs_color":"","ocean_breadcrumbs_separator_color":"","ocean_breadcrumbs_links_color":"","ocean_breadcrumbs_links_hover_color":"","ocean_display_footer_widgets":"default","ocean_display_footer_bottom":"default","ocean_custom_footer_template":"","footnotes":""},"class_list":["post-13","page","type-page","status-publish","hentry","entry"],"_links":{"self":[{"href":"https:\/\/quimfer.pt\/pt\/wp-json\/wp\/v2\/pages\/13","targetHints":{"allow":["GET"]}}],"collection":[{"href":"https:\/\/quimfer.pt\/pt\/wp-json\/wp\/v2\/pages"}],"about":[{"href":"https:\/\/quimfer.pt\/pt\/wp-json\/wp\/v2\/types\/page"}],"author":[{"embeddable":true,"href":"https:\/\/quimfer.pt\/pt\/wp-json\/wp\/v2\/users\/1"}],"replies":[{"embeddable":true,"href":"https:\/\/quimfer.pt\/pt\/wp-json\/wp\/v2\/comments?post=13"}],"version-history":[{"count":108,"href":"https:\/\/quimfer.pt\/pt\/wp-json\/wp\/v2\/pages\/13\/revisions"}],"predecessor-version":[{"id":2533,"href":"https:\/\/quimfer.pt\/pt\/wp-json\/wp\/v2\/pages\/13\/revisions\/2533"}],"wp:attachment":[{"href":"https:\/\/quimfer.pt\/pt\/wp-json\/wp\/v2\/media?parent=13"}],"curies":[{"name":"wp","href":"https:\/\/api.w.org\/{rel}","templated":true}]}}